{"id":12,"date":"2024-07-20T22:31:54","date_gmt":"2024-07-20T19:31:54","guid":{"rendered":"https:\/\/velicbeton.com\/?page_id=12"},"modified":"2024-08-20T16:48:18","modified_gmt":"2024-08-20T13:48:18","slug":"o-nama","status":"publish","type":"page","link":"https:\/\/velicbeton.com\/en\/o-nama","title":{"rendered":"O nama"},"content":{"rendered":"<h1 class=\"wp-block-heading\">O nama<\/h1>\n\n\n\n<p>Kompanija <strong>Veli\u0107 Beton d.o.o.<\/strong> je osnovana 2000. godine u <strong>Velikoj Kladu\u0161i <\/strong>kao mala radnja s nekoliko zaposlenih. Danas je <strong>Veli\u0107 Beton <\/strong>zna\u010dajna firma sa vi\u0161e od <strong>50 <\/strong>radnika i <strong>4 <\/strong>poslovne jedinice, koja ostvaruje prihod i profit koji je svrstavaju me\u0111u <strong>najve\u0107e <\/strong>i <strong>najbr\u017ee <\/strong>rastu\u0107e <strong>kompanije <\/strong>u <strong>Bosni i Hercegovini<\/strong>.<\/p>\n\n\n\n<p>Tokom svojih <strong>24<\/strong> godina poslovanja, <strong>Veli\u0107 Beton d.o.o. <\/strong>kontinuirano je pove\u0107avao broj zaposlenih, zajedno sa svojim prihodima i profitom.<\/p>\n\n\n\n<p>Danas, <strong>Veli\u0107 Beton d.o.o. <\/strong>posjeduje razvijen <strong>transportni <\/strong>sektor u <strong>Unsko-sanskom <\/strong>kantonu, sa flotom od preko <strong>20 <\/strong>vozila. Pored <strong>transporta<\/strong>, kompanija se bavi i <strong>proizvodnjom betona <\/strong>i <strong>betonskih <\/strong>proizvoda.<\/p>\n\n\n\n<p>U <strong>portfoliju Veli\u0107 Betona <\/strong>nalaze se jedan <strong>baucentar<\/strong>, jedan <strong>supermarket<\/strong>, dvije <strong>betonare <\/strong>i jedan <strong>kamenolom<\/strong>.<\/p>\n\n\n\n<p>Kompanija tako\u0111e aktivno u\u010destvuje u <strong>izgradnji i prodaji stanova<\/strong>. Trenutni projekat u <strong>Velikoj Kladu\u0161i<\/strong>, koji uklju\u010duje izgradnju <strong>tri moderne zgrade<\/strong>, ilustrira stru\u010dnost <strong>Veli\u0107 Betona <\/strong>u ovom sektoru. Ovi stanovi \u0107e pru\u017eiti <strong>savremen i luksuzan <\/strong>\u017eivotni prostor, uz sve potrebne sadr\u017eaje za udoban boravak. <strong>Veli\u0107 Beton d.o.o. <\/strong>posve\u0107en je pru\u017eanju <strong>visokokvalitetnih <\/strong>stanova koji <strong>ispunjavaju potrebe <\/strong>kupaca i <strong>doprinose razvoju <\/strong>lokalne zajednice. Budu\u0107i stanari \u0107e u\u017eivati u <strong>kvalitetnom i udobnom <\/strong>stanovanju, zahvaljuju\u0107i <strong>posve\u0107enosti kompanije <\/strong>prema <strong>izvrsnosti <\/strong>u <strong>izgradnji<\/strong>.<\/p>\n\n\n\n<p>Na\u0161a <strong>vizija <\/strong>je jasno definirana &#8211; <strong>razumjeti <\/strong>potrebe na\u0161ih <strong>kupaca <\/strong>i <strong>omogu\u0107iti <\/strong>im kupovinu svih <strong>potrebnih <\/strong>proizvoda za dom na <strong>jednom mjestu<\/strong>. Na\u0161 <strong>asortiman <\/strong>je <strong>\u0161irok i obuhvata<\/strong>; gra\u0111evinski materijal, suhu gradnju, auto i moto opremu, sanitarije i vodomaterijal, beton i proizvode od betona, kao i prehrambene proizvode, \u0161kolski pribor, igra\u010dke i jo\u0161 <strong>mnogo toga<\/strong>.<\/p>\n\n\n\n<p>Cilj <strong>rukovodstva kompanije <\/strong>je <strong>izgraditi <\/strong>prepoznatljiv <strong>imid\u017e <\/strong>kako u <strong>lokalnoj regiji<\/strong>, tako i na <strong>federalnom <\/strong>i <strong>dr\u017eavnom nivou<\/strong>.<\/p>","protected":false},"excerpt":{"rendered":"<p>O nama Kompanija Veli\u0107 Beton d.o.o. je osnovana 2000. godine u Velikoj Kladu\u0161i kao mala radnja s nekoliko zaposlenih. Danas je Veli\u0107 Beton zna\u010dajna firma sa vi\u0161e od 50 radnika i 4 poslovne jedinice, koja ostvaruje prihod i profit koji je svrstavaju me\u0111u najve\u0107e i najbr\u017ee rastu\u0107e kompanije u Bosni i Hercegovini. Tokom svojih 24 godina poslovanja, Veli\u0107 Beton d.o.o. kontinuirano je pove\u0107avao broj zaposlenih, zajedno sa svojim prihodima i profitom. Danas, Veli\u0107 Beton d.o.o. posjeduje razvijen transportni sektor u Unsko-sanskom kantonu, sa flotom od preko 20 vozila. Pored transporta, kompanija se bavi i proizvodnjom betona i betonskih proizvoda. U portfoliju Veli\u0107 Betona nalaze se jedan baucentar, jedan supermarket, dvije betonare i jedan kamenolom. Kompanija tako\u0111e aktivno u\u010destvuje u izgradnji i prodaji stanova. Trenutni projekat u Velikoj Kladu\u0161i, koji uklju\u010duje izgradnju tri moderne zgrade, ilustrira stru\u010dnost Veli\u0107 Betona u ovom sektoru. Ovi stanovi \u0107e pru\u017eiti savremen i luksuzan \u017eivotni prostor, uz sve potrebne sadr\u017eaje za udoban boravak. Veli\u0107 Beton d.o.o. posve\u0107en je pru\u017eanju visokokvalitetnih stanova koji ispunjavaju potrebe kupaca i doprinose razvoju lokalne zajednice. Budu\u0107i stanari \u0107e u\u017eivati u kvalitetnom i udobnom stanovanju, zahvaljuju\u0107i posve\u0107enosti kompanije prema izvrsnosti u izgradnji. Na\u0161a vizija je jasno definirana &#8211; razumjeti potrebe na\u0161ih kupaca i omogu\u0107iti im kupovinu svih potrebnih proizvoda za dom na jednom mjestu. Na\u0161 asortiman je \u0161irok i obuhvata; gra\u0111evinski materijal, suhu gradnju, auto i moto opremu, sanitarije i vodomaterijal, beton i proizvode od betona, kao i prehrambene proizvode, \u0161kolski pribor, igra\u010dke i jo\u0161 mnogo toga. Cilj rukovodstva kompanije je izgraditi prepoznatljiv imid\u017e kako u lokalnoj regiji, tako i na federalnom i dr\u017eavnom nivou.<\/p>","protected":false},"author":1,"featured_media":0,"parent":0,"menu_order":0,"comment_status":"closed","ping_status":"closed","template":"","meta":{"site-sidebar-layout":"default","site-content-layout":"","ast-site-content-layout":"","site-content-style":"default","site-sidebar-style":"default","ast-global-header-display":"","ast-banner-title-visibility":"","ast-main-header-display":"","ast-hfb-above-header-display":"","ast-hfb-below-header-display":"","ast-hfb-mobile-header-display":"","site-post-title":"","ast-breadcrumbs-content":"","ast-featured-img":"","footer-sml-layout":"","theme-transparent-header-meta":"","adv-header-id-meta":"","stick-header-meta":"","header-above-stick-meta":"","header-main-stick-meta":"","header-below-stick-meta":"","astra-migrate-meta-layouts":"default","ast-page-background-enabled":"default","ast-page-background-meta":{"desktop":{"background-color":"var(--ast-global-color-4)","background-image":"","background-repeat":"repeat","background-position":"center center","background-size":"auto","background-attachment":"scroll","background-type":"","background-media":"","overlay-type":"","overlay-color":"","overlay-opacity":"","overlay-gradient":""},"tablet":{"background-color":"","background-image":"","background-repeat":"repeat","background-position":"center center","background-size":"auto","background-attachment":"scroll","background-type":"","background-media":"","overlay-type":"","overlay-color":"","overlay-opacity":"","overlay-gradient":""},"mobile":{"background-color":"","background-image":"","background-repeat":"repeat","background-position":"center center","background-size":"auto","background-attachment":"scroll","background-type":"","background-media":"","overlay-type":"","overlay-color":"","overlay-opacity":"","overlay-gradient":""}},"ast-content-background-meta":{"desktop":{"background-color":"var(--ast-global-color-5)","background-image":"","background-repeat":"repeat","background-position":"center center","background-size":"auto","background-attachment":"scroll","background-type":"","background-media":"","overlay-type":"","overlay-color":"","overlay-opacity":"","overlay-gradient":""},"tablet":{"background-color":"var(--ast-global-color-5)","background-image":"","background-repeat":"repeat","background-position":"center center","background-size":"auto","background-attachment":"scroll","background-type":"","background-media":"","overlay-type":"","overlay-color":"","overlay-opacity":"","overlay-gradient":""},"mobile":{"background-color":"var(--ast-global-color-5)","background-image":"","background-repeat":"repeat","background-position":"center center","background-size":"auto","background-attachment":"scroll","background-type":"","background-media":"","overlay-type":"","overlay-color":"","overlay-opacity":"","overlay-gradient":""}},"footnotes":""},"class_list":["post-12","page","type-page","status-publish","hentry"],"_links":{"self":[{"href":"https:\/\/velicbeton.com\/en\/wp-json\/wp\/v2\/pages\/12","targetHints":{"allow":["GET"]}}],"collection":[{"href":"https:\/\/velicbeton.com\/en\/wp-json\/wp\/v2\/pages"}],"about":[{"href":"https:\/\/velicbeton.com\/en\/wp-json\/wp\/v2\/types\/page"}],"author":[{"embeddable":true,"href":"https:\/\/velicbeton.com\/en\/wp-json\/wp\/v2\/users\/1"}],"replies":[{"embeddable":true,"href":"https:\/\/velicbeton.com\/en\/wp-json\/wp\/v2\/comments?post=12"}],"version-history":[{"count":5,"href":"https:\/\/velicbeton.com\/en\/wp-json\/wp\/v2\/pages\/12\/revisions"}],"predecessor-version":[{"id":522,"href":"https:\/\/velicbeton.com\/en\/wp-json\/wp\/v2\/pages\/12\/revisions\/522"}],"wp:attachment":[{"href":"https:\/\/velicbeton.com\/en\/wp-json\/wp\/v2\/media?parent=12"}],"curies":[{"name":"wp","href":"https:\/\/api.w.org\/{rel}","templated":true}]}}